{"id":137,"date":"2015-04-22T09:00:43","date_gmt":"2015-04-22T08:00:43","guid":{"rendered":"http:\/\/anthony-weber.fr\/?page_id=137"},"modified":"2015-04-22T09:08:17","modified_gmt":"2015-04-22T08:08:17","slug":"137-2","status":"publish","type":"page","link":"http:\/\/anthony-weber.fr\/?page_id=137","title":{"rendered":"R\u00e9\u00e9ducation p\u00e9rin\u00e9ale"},"content":{"rendered":"<h2 style=\"text-align: justify;\">Le r\u00f4le de la r\u00e9\u00e9ducation du p\u00e9rin\u00e9e.<\/h2>\n<p style=\"text-align: justify;\">La grossesse et l\u2019accouchement mettent \u00e0 l\u2019\u00e9preuve les muscles du p\u00e9rin\u00e9e.<br \/>\nApr\u00e8s l\u2019accouchement, la r\u00e9\u00e9ducation p\u00e9rin\u00e9ale permet \u00e0 la femme de re tonifier son p\u00e9rin\u00e9e, et de se r\u00e9approprier son corps.<br \/>\nC\u2019est aussi l\u2019occasion de parler de la reprise de la sexualit\u00e9 apr\u00e8s l\u2019accouchement.\u00a0La r\u00e9\u00e9ducation p\u00e9rin\u00e9ale permet aussi de soulager des sensations de pesanteur dans le bas-ventre, de r\u00e9gler des soucis de fuites urinaires ou des envies pressantes, et de soigner des cicatrices encore douloureuses.<br \/>\nLes s\u00e9ances de r\u00e9\u00e9ducation p\u00e9rin\u00e9ale peuvent d\u00e9marrer 6 \u00e0 8 semaines apr\u00e8s l\u2019accouchement, mais peuvent aussi se faire plus tard, si vous pr\u00e9f\u00e9rez attendre un peu.<\/p>\n<blockquote>\n<p style=\"text-align: justify;\">\u00a0la r\u00e9\u00e9ducation p\u00e9rin\u00e9ale permet \u00e0 la femme de re tonifier son p\u00e9rin\u00e9e, et de se r\u00e9approprier son corps.<\/p>\n<\/blockquote>\n<h3 style=\"text-align: justify;\">Les techniques propos\u00e9es au cabinet :<\/h3>\n<h4 style=\"text-align: justify;\">La r\u00e9\u00e9ducation manuelle.<\/h4>\n<p style=\"text-align: justify;\">La r\u00e9\u00e9ducation manuelle consiste \u00e0 travailler plus pr\u00e9cis\u00e9ment les diff\u00e9rentes parties du p\u00e9rin\u00e9e. Cela permet ainsi de diriger les efforts vers les muscles qui ont le plus besoin. Nous utiliserons, pour plus de facilit\u00e9, des images sp\u00e9cifiques (Pont levis, herse etc&#8230;) pour permettre de visualiser les exercices ainsi que des exercices de respirations.<\/p>\n<p style=\"text-align: justify;\"><a href=\"http:\/\/anthony-weber.fr\/wp-content\/uploads\/2015\/04\/illustration-article-300x214.jpg\"><img loading=\"lazy\" decoding=\"async\" class=\"alignright wp-image-138 size-full\" src=\"http:\/\/anthony-weber.fr\/wp-content\/uploads\/2015\/04\/illustration-article-300x214.jpg\" alt=\"illustration-article-300x214\" width=\"300\" height=\"214\" \/><\/a>Diff\u00e9rents exercices seront propos\u00e9s, accompagn\u00e9s de visualisations d\u2019images sp\u00e9cifiques, afin de faire prendre conscience \u00e0 la femme des diff\u00e9rentes zones de son p\u00e9rin\u00e9e, et des pressions qui s\u2019exercent dessus lors d\u2019un effort (toux, rire, pouss\u00e9e).\u00a0Ainsi, la femme pourra mettre en place des reflexes protecteurs dans sa vie quotidienne.<\/p>\n<h4 style=\"text-align: justify;\">La r\u00e9\u00e9ducation par \u00e9lectro-stimulation.<\/h4>\n<p style=\"text-align: justify;\">Une sonde vaginale, reli\u00e9e \u00e0 un appareil, va envoyer une stimulation \u00e9lectrique sur les muscles du p\u00e9rin\u00e9e pour les faire se contracter \u00e0 un rythme et \u00e0 une intensit\u00e9 progressive, s\u00e9ance apr\u00e8s s\u00e9ance. Les s\u00e9ances d&rsquo;\u00e9lectron-stimulation peuvent \u00eatre coupler avec des s\u00e9ances manuelles.<\/p>\n<p style=\"text-align: justify;\">\n<p style=\"text-align: justify;\">La r\u00e9\u00e9ducation p\u00e9rin\u00e9ale d\u00e9bute environ deux mois apr\u00e8s la naissance. Les s\u00e9ances peuvent \u00eatre men\u00e9es par une sage-femme ou un masseur-kin\u00e9sith\u00e9rapeute, en ville ou \u00e0 l&rsquo;h\u00f4pital. Elles sont prises en charge \u00e0 100 % par l\u2019Assurance maladie.<\/p>\n","protected":false},"excerpt":{"rendered":"<p>Le r\u00f4le de la r\u00e9\u00e9ducation du p\u00e9rin\u00e9e. La grossesse et l\u2019accouchement mettent \u00e0 l\u2019\u00e9preuve les muscles du p\u00e9rin\u00e9e. Apr\u00e8s l\u2019accouchement, la r\u00e9\u00e9ducation p\u00e9rin\u00e9ale permet \u00e0 la femme de re tonifier son p\u00e9rin\u00e9e, et de se r\u00e9approprier son corps. C\u2019est aussi<\/p>\n","protected":false},"author":1,"featured_media":0,"parent":0,"menu_order":0,"comment_status":"closed","ping_status":"closed","template":"","meta":{"footnotes":""},"_links":{"self":[{"href":"http:\/\/anthony-weber.fr\/index.php?rest_route=\/wp\/v2\/pages\/137"}],"collection":[{"href":"http:\/\/anthony-weber.fr\/index.php?rest_route=\/wp\/v2\/pages"}],"about":[{"href":"http:\/\/anthony-weber.fr\/index.php?rest_route=\/wp\/v2\/types\/page"}],"author":[{"embeddable":true,"href":"http:\/\/anthony-weber.fr\/index.php?rest_route=\/wp\/v2\/users\/1"}],"replies":[{"embeddable":true,"href":"http:\/\/anthony-weber.fr\/index.php?rest_route=%2Fwp%2Fv2%2Fcomments&post=137"}],"version-history":[{"count":7,"href":"http:\/\/anthony-weber.fr\/index.php?rest_route=\/wp\/v2\/pages\/137\/revisions"}],"predecessor-version":[{"id":147,"href":"http:\/\/anthony-weber.fr\/index.php?rest_route=\/wp\/v2\/pages\/137\/revisions\/147"}],"wp:attachment":[{"href":"http:\/\/anthony-weber.fr\/index.php?rest_route=%2Fwp%2Fv2%2Fmedia&parent=137"}],"curies":[{"name":"wp","href":"https:\/\/api.w.org\/{rel}","templated":true}]}}