{"id":158,"date":"2015-04-22T10:13:34","date_gmt":"2015-04-22T09:13:34","guid":{"rendered":"http:\/\/anthony-weber.fr\/?page_id=158"},"modified":"2017-11-05T22:46:01","modified_gmt":"2017-11-05T21:46:01","slug":"mes-honoraires","status":"publish","type":"page","link":"http:\/\/anthony-weber.fr\/?page_id=158","title":{"rendered":"Mes honoraires"},"content":{"rendered":"<p>Le cabinet est\u00a0conventionn\u00e9.<\/p>\n<p style=\"padding-left: 30px;\"><span style=\"color: #808080;\"><strong><em>R\u00e9alisation du tiers payant<\/em><\/strong><\/span><\/p>\n<p style=\"padding-left: 30px;\"><span style=\"color: #808080;\"><strong><em>Prise en charge CMU-AME sous r\u00e9serve de pr\u00e9senter\u00a0un justificatif \u00e0 jour lors de votre rendez-vous<\/em><\/strong><\/span><\/p>\n<p style=\"padding-left: 30px;\"><span style=\"color: #808080;\"><strong><em>R\u00e9glement par CB, ch\u00e8que ou esp\u00e8ces<\/em><\/strong><\/span><\/p>\n<p>Pensez \u00e0 vous munir\u00a0SYST\u00c9MATIQUEMENT\u00a0de votre\u00a0carte vitale\u00a0\u00e0 chaque consultation ! TARIFS APPLICABLES AU 01\u00a0octobre 2014<\/p>\n<table width=\"738\">\n<tbody>\n<tr>\n<td width=\"113\">Actes<\/td>\n<td width=\"123\"><span style=\"color: #000000;\">Tx de remboursement Assurance maladie<\/span><\/td>\n<td width=\"108\"><span style=\"color: #000000;\">Tarif assurance maladie<\/span><\/td>\n<td width=\"78\"><span style=\"color: #000000;\">Mes honoraires<\/span><\/td>\n<\/tr>\n<tr>\n<td width=\"113\"><span style=\"color: #000000;\">Entretien pr\u00e9natal<\/span><\/td>\n<td width=\"123\"><span style=\"color: #000000;\">100 %<\/span><\/td>\n<td width=\"108\"><span style=\"color: #000000;\">42<\/span><\/td>\n<td width=\"88\"><span style=\"color: #000000;\">44<\/span><\/td>\n<\/tr>\n<tr>\n<td width=\"113\"><span style=\"color: #000000;\">Consultation de grossesse<\/span><\/td>\n<td width=\"123\"><span style=\"color: #000000;\">70 % (100% apr\u00e8s le 6e mois)<\/span><\/td>\n<td width=\"108\"><span style=\"color: #000000;\">23<\/span><\/td>\n<td width=\"88\"><span style=\"color: #000000;\">23<\/span><\/td>\n<\/tr>\n<tr>\n<td width=\"113\"><span style=\"color: #000000;\">Suivi gyn\u00e9cologique (consultation)<\/span><\/td>\n<td width=\"123\"><span style=\"color: #000000;\">70%<\/span><\/td>\n<td width=\"108\"><span style=\"color: #000000;\">23<\/span><\/td>\n<td width=\"88\"><span style=\"color: #000000;\">23<\/span><\/td>\n<\/tr>\n<tr>\n<td width=\"113\"><span style=\"color: #000000;\">S\u00e9ance de pr\u00e9paration \u00e0 la naissance<\/span><\/td>\n<td width=\"123\"><span style=\"color: #000000;\">100%<\/span><\/td>\n<td width=\"108\"><span style=\"color: #000000;\">33,60 (individuelle)<\/span><\/td>\n<td width=\"88\"><span style=\"color: #000000;\">33,60<\/span><\/td>\n<\/tr>\n<tr>\n<td width=\"113\"><span style=\"color: #000000;\">Monitoring \u00e0 domicile<\/span><\/td>\n<td width=\"123\"><span style=\"color: #000000;\">100%<\/span><\/td>\n<td width=\"108\"><span style=\"color: #000000;\">42<\/span><\/td>\n<td width=\"88\"><span style=\"color: #000000;\">42<\/span><\/td>\n<\/tr>\n<tr>\n<td width=\"113\"><span style=\"color: #000000;\">Indemnit\u00e9 forfaitaire de d\u00e9placement<\/span><\/td>\n<td width=\"123\"><span style=\"color: #000000;\">100%<\/span><\/td>\n<td width=\"108\"><span style=\"color: #000000;\">4<\/span><\/td>\n<td width=\"88\"><span style=\"color: #000000;\">4<\/span><\/td>\n<\/tr>\n<tr>\n<td width=\"113\"><span style=\"color: #000000;\">Ind\u00e9minit\u00e9s de d\u00e9placements<\/span><\/td>\n<td width=\"123\"><span style=\"color: #000000;\">100%<\/span><\/td>\n<td width=\"108\"><span style=\"color: #000000;\">0,73e\/km<\/span><\/td>\n<td width=\"88\"><span style=\"color: #000000;\">0,73e\/km<\/span><\/td>\n<\/tr>\n<tr>\n<td width=\"113\"><span style=\"color: #000000;\">S\u00e9ances de r\u00e9\u00e9ducation<\/span><\/td>\n<td width=\"123\"><span style=\"color: #000000;\">100%<\/span><\/td>\n<td width=\"108\"><span style=\"color: #000000;\">19,60<\/span><\/td>\n<td width=\"88\"><span style=\"color: #000000;\">19,60<\/span><\/td>\n<\/tr>\n<\/tbody>\n<\/table>\n<p>&nbsp;<\/p>\n<p>&nbsp;<\/p>\n<h2>LES TARIFS:<\/h2>\n<div id=\"tablepress-13_wrapper\" class=\"dataTables_wrapper no-footer\">\n<table id=\"tablepress-13\" class=\"tablepress tablepress-id-13 dataTable no-footer\" style=\"height: 573px;\" width=\"950\">\n<thead>\n<tr class=\"row-1 odd\">\n<th class=\"column-1 sorting_disabled\" colspan=\"1\" rowspan=\"1\">CODE<\/th>\n<th class=\"column-2 sorting_disabled\" colspan=\"1\" rowspan=\"1\">INTITULE DE L\u2019ACTE<\/th>\n<th class=\"column-3 sorting_disabled\" colspan=\"1\" rowspan=\"1\">TARIF (\u20ac) CCAM<\/th>\n<th class=\"column-4 sorting_disabled\" colspan=\"1\" rowspan=\"1\"><\/th>\n<\/tr>\n<\/thead>\n<tbody class=\"row-hover\">\n<tr class=\"row-2 even\">\n<td class=\"column-1\">ZCQM007<\/td>\n<td class=\"column-2\">\u00c9chographie du petit bassin [\u2026] surveillance de l&rsquo;ovulation<\/td>\n<td class=\"column-3\">37.80<\/td>\n<td class=\"column-4\"><\/td>\n<\/tr>\n<tr class=\"row-3 odd\">\n<td class=\"column-1\">ZCQM009<\/td>\n<td class=\"column-2\">\u00c9chographie-doppler du petit bassin [\u2026]de l&rsquo;ovulation<\/td>\n<td class=\"column-3\">42,25<\/td>\n<td class=\"column-4\"><\/td>\n<\/tr>\n<tr class=\"row-4 even\">\n<td class=\"column-1\">JNQM001<\/td>\n<td class=\"column-2\">\u00c9chographie [\u2026] avant 11 semaines d&rsquo;am\u00e9norrh\u00e9e<\/td>\n<td class=\"column-3\">35.65<\/td>\n<td class=\"column-4\"><\/td>\n<\/tr>\n<tr class=\"row-5 odd\">\n<td class=\"column-1\">JQQM010<\/td>\n<td class=\"column-2\">\u00c9chographie [\u2026] uni-embryonnaire au 1er trimestre<\/td>\n<td class=\"column-3\">61.47<\/td>\n<td class=\"column-4\"><\/td>\n<\/tr>\n<tr class=\"row-6 even\">\n<td class=\"column-1\">JQQM015<\/td>\n<td class=\"column-2\">\u00c9chographie [\u2026] multi-embryonnaire au 1er trimestre<\/td>\n<td class=\"column-3\">71.57<\/td>\n<td class=\"column-4\"><\/td>\n<\/tr>\n<tr class=\"row-7 odd\">\n<td class=\"column-1\">JQQM018<\/td>\n<td class=\"column-2\">\u00c9chographie [\u2026] unif\u0153tale au 2\u00e8me trimestre<\/td>\n<td class=\"column-3\">100.20<\/td>\n<td class=\"column-4\"><\/td>\n<\/tr>\n<tr class=\"row-8 even\">\n<td class=\"column-1\">JQQM019<\/td>\n<td class=\"column-2\">\u00c9chographie [\u2026] multif\u0153tale au 2\u00e8me trimestre<\/td>\n<td class=\"column-3\">154.09<\/td>\n<td class=\"column-4\"><\/td>\n<\/tr>\n<tr class=\"row-9 odd\">\n<td class=\"column-1\">JQQM016<\/td>\n<td class=\"column-2\">\u00c9chographie [\u2026] unif\u0153tale au 3\u00e8me trimestre<\/td>\n<td class=\"column-3\">100.20<\/td>\n<td class=\"column-4\"><\/td>\n<\/tr>\n<tr class=\"row-10 even\">\n<td class=\"column-1\">JQQM017<\/td>\n<td class=\"column-2\">\u00c9chographie [\u2026] multif\u0153tale au 3\u00e8me trimestre<\/td>\n<td class=\"column-3\">154.09<\/td>\n<td class=\"column-4\"><\/td>\n<\/tr>\n<tr class=\"row-11 odd\">\n<td class=\"column-1\">JQQM002<\/td>\n<td class=\"column-2\">\u00c9chographie d&rsquo;une grossesse unif\u0153tale [\u2026] avec \u00e9chographie-doppler [\u2026] pour souffrance f\u0153tale<\/td>\n<td class=\"column-3\">92.19<\/td>\n<td class=\"column-4\"><\/td>\n<\/tr>\n<tr class=\"row-12 even\">\n<td class=\"column-1\">JQQM007<\/td>\n<td class=\"column-2\">\u00c9chographie d&rsquo;une grossesse multif\u0153tale [\u2026] avec \u00e9chographie-doppler [\u2026] pour souffrance f\u0153tale<\/td>\n<td class=\"column-3\">133.81<\/td>\n<td class=\"column-4\"><\/td>\n<\/tr>\n<tr class=\"row-13 odd\">\n<td class=\"column-1\">JQQM001<\/td>\n<td class=\"column-2\">\u00c9chographie de surveillance de la croissance f\u0153tale<\/td>\n<td class=\"column-3\">46.15<\/td>\n<td class=\"column-4\"><\/td>\n<\/tr>\n<tr class=\"row-14 even\">\n<td class=\"column-1\">JQQM003<\/td>\n<td class=\"column-2\">\u00c9chographie de surveillance de la croissance [\u2026] des art\u00e8res ut\u00e9rines de la m\u00e8re et des vaisseaux du f\u0153tus<\/td>\n<td class=\"column-3\">75.60<\/td>\n<td class=\"column-4\"><\/td>\n<\/tr>\n<tr class=\"row-15 odd\">\n<td class=\"column-1\">JQQJ037<\/td>\n<td class=\"column-2\">Mesure de la longueur du canal cervical du col de l&rsquo;ut\u00e9rus, par \u00e9chographie par voie vaginale<\/td>\n<td class=\"column-3\">33.44<\/td>\n<td class=\"column-4\"><\/td>\n<\/tr>\n<\/tbody>\n<\/table>\n<\/div>\n","protected":false},"excerpt":{"rendered":"<p>Le cabinet est\u00a0conventionn\u00e9. R\u00e9alisation du tiers payant Prise en charge CMU-AME sous r\u00e9serve de pr\u00e9senter\u00a0un justificatif \u00e0 jour lors de votre rendez-vous R\u00e9glement par CB, ch\u00e8que ou esp\u00e8ces Pensez \u00e0 vous munir\u00a0SYST\u00c9MATIQUEMENT\u00a0de votre\u00a0carte vitale\u00a0\u00e0 chaque consultation ! TARIFS APPLICABLES AU<\/p>\n","protected":false},"author":1,"featured_media":0,"parent":0,"menu_order":0,"comment_status":"closed","ping_status":"closed","template":"","meta":{"footnotes":""},"_links":{"self":[{"href":"http:\/\/anthony-weber.fr\/index.php?rest_route=\/wp\/v2\/pages\/158"}],"collection":[{"href":"http:\/\/anthony-weber.fr\/index.php?rest_route=\/wp\/v2\/pages"}],"about":[{"href":"http:\/\/anthony-weber.fr\/index.php?rest_route=\/wp\/v2\/types\/page"}],"author":[{"embeddable":true,"href":"http:\/\/anthony-weber.fr\/index.php?rest_route=\/wp\/v2\/users\/1"}],"replies":[{"embeddable":true,"href":"http:\/\/anthony-weber.fr\/index.php?rest_route=%2Fwp%2Fv2%2Fcomments&post=158"}],"version-history":[{"count":8,"href":"http:\/\/anthony-weber.fr\/index.php?rest_route=\/wp\/v2\/pages\/158\/revisions"}],"predecessor-version":[{"id":262,"href":"http:\/\/anthony-weber.fr\/index.php?rest_route=\/wp\/v2\/pages\/158\/revisions\/262"}],"wp:attachment":[{"href":"http:\/\/anthony-weber.fr\/index.php?rest_route=%2Fwp%2Fv2%2Fmedia&parent=158"}],"curies":[{"name":"wp","href":"https:\/\/api.w.org\/{rel}","templated":true}]}}