{"id":282,"date":"2017-11-06T07:27:06","date_gmt":"2017-11-06T06:27:06","guid":{"rendered":"http:\/\/anthony-weber.fr\/?page_id=282"},"modified":"2019-09-24T18:20:31","modified_gmt":"2019-09-24T17:20:31","slug":"preparer-votre-peau","status":"publish","type":"page","link":"http:\/\/anthony-weber.fr\/?page_id=282","title":{"rendered":"Pr\u00e9parer votre peau"},"content":{"rendered":"<p>Pour le bon d\u00e9roulement de l\u2019examen, il est indispensable de ne pas g\u00eaner la diffusion des ultra-sons.<\/p>\n<p>Tous les corps gras pouvant \u00eatre appliqu\u00e9s sur la peau du ventre (cr\u00e8mes, huiles, certains savons laissant un film tr\u00e8s gras sur la peau), forment une barri\u00e8re et emp\u00eache les ultra-sons de p\u00e9n\u00e9trer \u00e0 travers la peau. Les images \u00e9chographiques sont alors flout\u00e9es et l\u2019examen peut \u00eatre de moins bonne qualit\u00e9.<\/p>\n<p>Il est donc indispensable de n\u2019appliquer aucun corps gras sur le ventre au cours des 10 jours qui pr\u00e9c\u00e8dent votre rendez-vous.<\/p>\n<p>Amener les documents indispensables<\/p>\n<p>Soyez \u00e0 l\u2019heure au rendez-vous<\/p>\n","protected":false},"excerpt":{"rendered":"<p>Pour le bon d\u00e9roulement de l\u2019examen, il est indispensable de ne pas g\u00eaner la diffusion des ultra-sons. Tous les corps gras pouvant \u00eatre appliqu\u00e9s sur la peau du ventre (cr\u00e8mes, huiles, certains savons laissant un film tr\u00e8s gras sur la<\/p>\n","protected":false},"author":1,"featured_media":0,"parent":0,"menu_order":0,"comment_status":"closed","ping_status":"closed","template":"","meta":{"footnotes":""},"_links":{"self":[{"href":"http:\/\/anthony-weber.fr\/index.php?rest_route=\/wp\/v2\/pages\/282"}],"collection":[{"href":"http:\/\/anthony-weber.fr\/index.php?rest_route=\/wp\/v2\/pages"}],"about":[{"href":"http:\/\/anthony-weber.fr\/index.php?rest_route=\/wp\/v2\/types\/page"}],"author":[{"embeddable":true,"href":"http:\/\/anthony-weber.fr\/index.php?rest_route=\/wp\/v2\/users\/1"}],"replies":[{"embeddable":true,"href":"http:\/\/anthony-weber.fr\/index.php?rest_route=%2Fwp%2Fv2%2Fcomments&post=282"}],"version-history":[{"count":2,"href":"http:\/\/anthony-weber.fr\/index.php?rest_route=\/wp\/v2\/pages\/282\/revisions"}],"predecessor-version":[{"id":375,"href":"http:\/\/anthony-weber.fr\/index.php?rest_route=\/wp\/v2\/pages\/282\/revisions\/375"}],"wp:attachment":[{"href":"http:\/\/anthony-weber.fr\/index.php?rest_route=%2Fwp%2Fv2%2Fmedia&parent=282"}],"curies":[{"name":"wp","href":"https:\/\/api.w.org\/{rel}","templated":true}]}}