{"id":271,"date":"2017-11-05T23:07:24","date_gmt":"2017-11-05T22:07:24","guid":{"rendered":"http:\/\/anthony-weber.fr\/?page_id=271"},"modified":"2024-02-15T17:15:41","modified_gmt":"2024-02-15T16:15:41","slug":"271-2","status":"publish","type":"page","link":"https:\/\/anthony-weber.fr\/","title":{"rendered":"Le cabinet d&rsquo;\u00e9chographie"},"content":{"rendered":"<p><strong>T\u00e9l 05 87 57 16 47<\/strong><\/p>\n<p>L&rsquo;ensemble des cr\u00e9neaux d&rsquo;urgences pour les suivis de parcours PMA se feront le matin de 7h \u00e0 9h<\/p>\n<p>Lundi 09h00 &#8211; 17h00 (urgences de 17h \u00e0 21h)<br \/>\nMardi 09h00 &#8211; 17h00\u00a0(urgences de 17h \u00e0 21h)<br \/>\nMercredi 09h00 &#8211; 17h00\u00a0(urgences de 17h \u00e0 21h)<br \/>\nJeudi 09h00 &#8211; 17h00\u00a0(urgences de 17h \u00e0 21h)<br \/>\nVendredi 14h00 &#8211; 17h00<\/p>\n<p>Le secr\u00e9tariat est ouvert du lundi au samedi, de 9h00 \u00e0 17h00<\/p>\n<p>Prise de rendez vous par t\u00e9l\u00e9\u00adphone pendant les horaires d\u2019ou\u00adver\u00adture ou sur Doctolib (sauf \u00e9chographie pelvienne)<\/p>\n<p>Les enfants ne sont pas accept\u00e9s pendant les examens.<\/p>\n<p>Paiements ch\u00e8ques ou esp\u00e8ces uniquement.<\/p>\n<p><span style=\"color: #000000;\">Vous venez en consultation &#8211; cliquez ici<\/span><\/p>\n<p><iframe loading=\"lazy\" style=\"border: 0;\" src=\"https:\/\/www.google.com\/maps\/embed?pb=!1m18!1m12!1m3!1d2730.3590135857485!2d1.6855159156032795!3d46.81693097914017!2m3!1f0!2f0!3f0!3m2!1i1024!2i768!4f13.1!3m3!1m2!1s0x0%3A0x49995f1836ef0c17!2sAnthony+Weber+-+Cabinet+d'%C3%A9chographie+Obst%C3%A9trique+et+gyn%C3%A9cologie!5e0!3m2!1sfr!2sfr!4v1549357056723\" width=\"600\" height=\"450\" frameborder=\"0\" allowfullscreen=\"allowfullscreen\"><\/iframe><\/p>\n<p><iframe loading=\"lazy\" style=\"border: 0;\" src=\"https:\/\/www.google.com\/maps\/embed?pb=!1m18!1m12!1m3!1d2762.583068522573!2d1.8777669506567891!3d46.178954693384604!2m3!1f0!2f0!3f0!3m2!1i1024!2i768!4f13.1!3m3!1m2!1s0x47fbdc7a4e210a55%3A0xb566034650398c7f!2sAnthony+Weber+-+Cabinet+Echographie+Obstetrique+et+Gyn%C3%A9cologique+-+Creuse+-+Sage-femme+lib%C3%A9rale!5e0!3m2!1sfr!2sfr!4v1549357153259\" width=\"600\" height=\"450\" frameborder=\"0\" allowfullscreen=\"allowfullscreen\"><\/iframe><\/p>\n","protected":false},"excerpt":{"rendered":"<p>T\u00e9l 05 87 57 16 47 L&rsquo;ensemble des cr\u00e9neaux d&rsquo;urgences pour les suivis de parcours PMA se feront le matin de 7h \u00e0 9h Lundi 09h00 &#8211; 17h00 (urgences de 17h \u00e0 21h) Mardi 09h00 &#8211; 17h00\u00a0(urgences de 17h \u00e0<\/p>\n","protected":false},"author":1,"featured_media":0,"parent":0,"menu_order":0,"comment_status":"closed","ping_status":"closed","template":"","meta":{"footnotes":""},"_links":{"self":[{"href":"https:\/\/anthony-weber.fr\/index.php?rest_route=\/wp\/v2\/pages\/271"}],"collection":[{"href":"https:\/\/anthony-weber.fr\/index.php?rest_route=\/wp\/v2\/pages"}],"about":[{"href":"https:\/\/anthony-weber.fr\/index.php?rest_route=\/wp\/v2\/types\/page"}],"author":[{"embeddable":true,"href":"https:\/\/anthony-weber.fr\/index.php?rest_route=\/wp\/v2\/users\/1"}],"replies":[{"embeddable":true,"href":"https:\/\/anthony-weber.fr\/index.php?rest_route=%2Fwp%2Fv2%2Fcomments&post=271"}],"version-history":[{"count":31,"href":"https:\/\/anthony-weber.fr\/index.php?rest_route=\/wp\/v2\/pages\/271\/revisions"}],"predecessor-version":[{"id":432,"href":"https:\/\/anthony-weber.fr\/index.php?rest_route=\/wp\/v2\/pages\/271\/revisions\/432"}],"wp:attachment":[{"href":"https:\/\/anthony-weber.fr\/index.php?rest_route=%2Fwp%2Fv2%2Fmedia&parent=271"}],"curies":[{"name":"wp","href":"https:\/\/api.w.org\/{rel}","templated":true}]}}