{"id":91,"date":"2015-04-21T12:11:12","date_gmt":"2015-04-21T11:11:12","guid":{"rendered":"http:\/\/anthony-weber.fr\/?page_id=91"},"modified":"2015-04-22T14:21:05","modified_gmt":"2015-04-22T13:21:05","slug":"le-cabinet-2","status":"publish","type":"page","link":"https:\/\/anthony-weber.fr\/?page_id=91","title":{"rendered":"Contact"},"content":{"rendered":"<p>La maison de sant\u00e9 se situe 18 rue de la barre \u00e0 Dun-le-Palestel<\/p>\n<p>Secr\u00e9tariat de\u00a08h \u00e0 20h\u00a0du\u00a0Lundi au vendredi et le samedi de 8h \u00e0 14h\u00a0:\u00a005 87 57 16 47<\/p>\n<p>Mail : contact@anthony-weber.fr<\/p>\n","protected":false},"excerpt":{"rendered":"<p>La maison de sant\u00e9 se situe 18 rue de la barre \u00e0 Dun-le-Palestel Secr\u00e9tariat de\u00a08h \u00e0 20h\u00a0du\u00a0Lundi au vendredi et le samedi de 8h \u00e0 14h\u00a0:\u00a005 87 57 16 47 Mail : contact@anthony-weber.fr<\/p>\n","protected":false},"author":1,"featured_media":0,"parent":0,"menu_order":0,"comment_status":"closed","ping_status":"closed","template":"","meta":{"footnotes":""},"_links":{"self":[{"href":"https:\/\/anthony-weber.fr\/index.php?rest_route=\/wp\/v2\/pages\/91"}],"collection":[{"href":"https:\/\/anthony-weber.fr\/index.php?rest_route=\/wp\/v2\/pages"}],"about":[{"href":"https:\/\/anthony-weber.fr\/index.php?rest_route=\/wp\/v2\/types\/page"}],"author":[{"embeddable":true,"href":"https:\/\/anthony-weber.fr\/index.php?rest_route=\/wp\/v2\/users\/1"}],"replies":[{"embeddable":true,"href":"https:\/\/anthony-weber.fr\/index.php?rest_route=%2Fwp%2Fv2%2Fcomments&post=91"}],"version-history":[{"count":4,"href":"https:\/\/anthony-weber.fr\/index.php?rest_route=\/wp\/v2\/pages\/91\/revisions"}],"predecessor-version":[{"id":193,"href":"https:\/\/anthony-weber.fr\/index.php?rest_route=\/wp\/v2\/pages\/91\/revisions\/193"}],"wp:attachment":[{"href":"https:\/\/anthony-weber.fr\/index.php?rest_route=%2Fwp%2Fv2%2Fmedia&parent=91"}],"curies":[{"name":"wp","href":"https:\/\/api.w.org\/{rel}","templated":true}]}}