{"id":98,"date":"2015-04-21T12:12:33","date_gmt":"2015-04-21T11:12:33","guid":{"rendered":"http:\/\/anthony-weber.fr\/?page_id=98"},"modified":"2023-12-21T15:22:38","modified_gmt":"2023-12-21T14:22:38","slug":"presentation","status":"publish","type":"page","link":"https:\/\/anthony-weber.fr\/?page_id=98","title":{"rendered":"Pr\u00e9sentation"},"content":{"rendered":"<p>Dipl\u00f4m\u00e9 de l&rsquo;universit\u00e9 de Limoges en 2014, j&rsquo;ai d&rsquo;abord ouvert mon cabinet \u00e0\u00a0<strong><span class=\"il\">Dun<\/span>&#8211;<span class=\"il\">le<\/span>&#8211;<span class=\"il\">Palestel<\/span>\u00a0en Creuse<\/strong>.<\/p>\n<p>Aujourd\u2019hui, en m&rsquo;installant \u00e9galement sur la<strong> commune de Ch\u00e2teauroux<\/strong> je souhaite r\u00e9pondre \u00e0 un besoin du \u00e0\u00a0 une baisse de la d\u00e9mographie m\u00e9dicale et pouvoir proposer une activit\u00e9 d&rsquo;\u00e9chographie foetale et gyn\u00e9cologique de proximit\u00e9.\u00a0Je veille \u00e0 offrir un accompagnement personnalis\u00e9 en fonction des besoins de chacun. Etre au service des autres et prendre soin sont deux valeurs importantes que je souhaite appliquer aupr\u00e8s des femmes, et des couples.\u00a0Mes pr\u00e9c\u00e9dentes fonctions aupr\u00e8s des personnes en situation de handicap me donnent des qualit\u00e9s d\u2019\u00e9coutes et d\u2019empathie.<\/p>\n<h5 style=\"text-align: justify;\"><strong>Quels sont mes comp\u00e9tences et missions ?<\/strong><img loading=\"lazy\" decoding=\"async\" class=\"alignright wp-image-151 size-medium\" src=\"http:\/\/anthony-weber.fr\/wp-content\/uploads\/2015\/04\/WEBER-_Perso-188x300.jpg\" alt=\"WEBER _Perso\" width=\"188\" height=\"300\" srcset=\"https:\/\/anthony-weber.fr\/wp-content\/uploads\/2015\/04\/WEBER-_Perso-188x300.jpg 188w, https:\/\/anthony-weber.fr\/wp-content\/uploads\/2015\/04\/WEBER-_Perso.jpg 382w\" sizes=\"(max-width: 188px) 100vw, 188px\" \/><\/h5>\n<p>Mes fonctions sont diverses et vari\u00e9es. Les sages-femmes ont les comp\u00e9tences du suivi de grossesse physiologique, de la surveillance des grossesses pathologiques, de la pr\u00e9paration \u00e0 la naissance, de la r\u00e9\u00e9ducation p\u00e9rin\u00e9ale, de la prescription de contraception et du suivi gyn\u00e9cologique de pr\u00e9vention. D\u00e9sormais, dans\u00a0<span class=\"il\">le<\/span>\u00a0cadre de mes <strong>fonctions d&rsquo;\u00e9chographiste\u00a0<\/strong> , je pratique l&rsquo;ensemble des \u00e9chographies (datation, T1, T2 et T3) aux services des femmes. Je ne pratique pas les accouchements \u00e0 domicile, je travaille de ce fait en \u00e9troite collaboration avec les \u00e9tablissements de Gueret (23), Chateauroux (36) et l&rsquo;H\u00f4pital M\u00e9re-Enfant \u00e0 Limoges (87), Tours (37).<\/p>\n<h5 style=\"text-align: justify;\"><strong>Pourquoi\u00a0<span class=\"il\">Dun<\/span>&#8211;<span class=\"il\">le<\/span>&#8211;<span class=\"il\">Palestel<\/span>\u00a0en creuse?<\/strong><\/h5>\n<p>J&rsquo;ai eu la chance de d\u00e9couvrir un projet communal et intercommunal qui aujourd&rsquo;hui permet \u00e0 l&rsquo;ensemble de la population de la commune et des communes avoisinantes de recevoir des soins de proximit\u00e9. Ce sont ces valeurs qui m&rsquo;ont incit\u00e9 \u00e0 ouvrir mon cabinet dans la maison de sant\u00e9.\u00a0La maison de sant\u00e9 rapproche aujourd&rsquo;hui de nombreux professionnels de sant\u00e9 (Infirmi\u00e8res, kin\u00e9sith\u00e9rapeute, ost\u00e9opathes, podologues&#8230;).\u00a0<span class=\"il\">Le<\/span>\u00a0travail en collaboration avec les autres professionnels est une opportunit\u00e9 indispensable \u00e0 l&rsquo;am\u00e9lioration des prises en charges des patients.<\/p>\n<h5><strong>Pourquoi Ch\u00e2teauroux\u00a0 ?<\/strong><\/h5>\n<p>Ch\u00e2teauroux est une ville dynamique, la cr\u00e9ation de l&rsquo;espace sant\u00e9 Ysalis est une opportunit\u00e9 qui permet de mettre en relation des professionnels de sant\u00e9 de diff\u00e9rents horizons (Ost\u00e9opathe, psychologue, m\u00e9decin g\u00e9n\u00e9raliste, infirmi\u00e8res, sages-femmes, \u00e9chographiste).<\/p>\n<p><span style=\"text-align: justify;\">Je suis conventionn\u00e9e avec la CPAM, ce qui signifie que j\u2019applique les tarifs de la s\u00e9curit\u00e9 sociale que vous trouverez sur ce lien. \u00a0Pour de nombreux actes, je pratique le tiers-payant, ce qui vous dispense de toute avance de frais.<\/span><\/p>\n<p>Contact et plus de renseignements au\u00a0<a href=\"tel:06%2018%2035%2017%2028\" target=\"_blank\" rel=\"noopener noreferrer\">06 18 35 17 28<\/a>\u00a0ou \u00e0\u00a0<a href=\"mailto:contact@anthony-weber.fr\" target=\"_blank\" rel=\"noopener noreferrer\">contact@anthony-weber.fr<\/a><\/p>\n<h4><span style=\"color: #000000;\">\u00a0<\/span><\/h4>\n<h4><span style=\"color: #000000;\"><strong>Anthony WEBER &#8211; Sage-femme<\/strong><\/span><\/h4>\n<h4>2017 \/ aujourd&rsquo;hui &#8211; Membre du Coll\u00e8ge fran\u00e7ais d&rsquo;\u00e9chographie foetale (CFEF) &#8211; Paris<\/h4>\n<h4>2017 \/ aujourd&rsquo;hui &#8211; Adh\u00e9rent au r\u00e9seau p\u00e9rinatal du centre<\/h4>\n<h4>2016 \/ 2020 &#8211; Pr\u00e9sident du Conseil d\u00e9partemental de l&rsquo;ordre des sages-femmes (Creuse)<\/h4>\n<h4><span style=\"color: #000000;\">2016 \/ aujourd&rsquo;hui &#8211; Tr\u00e9sorier Association sage-femme lib\u00e9rale de Creuse<\/span><\/h4>\n<h4><span style=\"color: #000000;\">2016 \/ 2020 &#8211; Membre suppl\u00e9ant de la CSI (Commission scientifique ind\u00e9pendante) &#8211; OGDPC &#8211; Paris<\/span><\/h4>\n<h4><span style=\"color: #000000;\">2015 \/ 2020- Membre du conseil d&rsquo;administration du CNSF (Coll\u00e8ge Nationale des Sages-femmes de France) &#8211; Paris<\/span><\/h4>\n<ul>\n<li><span style=\"color: #000000;\">Charg\u00e9 des partenariats priv\u00e9s du CNSF<\/span><\/li>\n<\/ul>\n<h4><span style=\"color: #000000;\">2015 \/ 2017\u00a0 &#8211; Charg\u00e9 de communication de la CNEMa (Conf\u00e9rence Nationale des Enseignants en Ma\u00efeutique) &#8211; Paris<\/span><\/h4>\n<ul>\n<li><span style=\"color: #000000;\">Membre du groupe de travail M\u00e9tiers &amp; Comp\u00e9tences &#8211; Grande conf\u00e9rence de la sant\u00e9 &#8211; Minist\u00e8re des affaires sociales et de la Sant\u00e9) &#8211; Paris<\/span><\/li>\n<li><span style=\"color: #000000;\">Community manager<\/span><\/li>\n<\/ul>\n<h4><span style=\"color: #000000;\">2015 \/ aujourd&rsquo;hui &#8211; Sp\u00e9cialiste\/Expert Magazine B\u00e9b\u00e9s et Mamans &#8211; www.bebesetmamans.com (100000 abonn\u00e9s)<\/span><\/h4>\n<h4><span style=\"color: #000000;\">2013\u00a0 \/ 2014 &#8211; Vice-Pr\u00e9sident en charge des relations professionnelles &#8211; Anesf &#8211; Paris<\/span><\/h4>\n<ul>\n<li><span style=\"color: #000000;\">Membre du groupe de travail Statut, Premier recours, et \u00e9valuation des d\u00e9crets p\u00e9rinatals &#8211; Minist\u00e8re des affaires sociales et de la Sant\u00e9, Paris<\/span><\/li>\n<li><span style=\"color: #000000;\">Membre du collectif des sages-femmes<\/span><\/li>\n<li><span style=\"color: #000000;\">Secr\u00e9taire, Soci\u00e9t\u00e9 Fran\u00e7aise de Ma\u00efeutique (SFMa), Paris<\/span><\/li>\n<\/ul>\n<h4><span dir=\"auto\" style=\"color: #000000;\">2012 \/ 2013 &#8211; Pr\u00e9sident &#8211; Anesf &#8211; Paris<\/span><\/h4>\n<ul>\n<li><span style=\"color: #000000;\">Membre de la CPNES (Commission P\u00e9dagogique Nationale des \u00e9tudes de sant\u00e9), Paris<\/span><\/li>\n<li>Membre du groupe de travail sur le projet de loi de l\u2019Enseignement sup\u00e9rieur et de la recherche en commission des affaires sociales &#8211; Master Sciences Ma\u00efeutiques &#8211; Minist\u00e8re de l&rsquo;Enseignement Sup\u00e9rieur , Paris<\/li>\n<\/ul>\n<h4><\/h4>\n<p>Site du conseil de l\u2019ordre des sages-femmes : www.ordre-sages-femmes.fr<\/p>\n","protected":false},"excerpt":{"rendered":"<p>Dipl\u00f4m\u00e9 de l&rsquo;universit\u00e9 de Limoges en 2014, j&rsquo;ai d&rsquo;abord ouvert mon cabinet \u00e0\u00a0Dun&#8211;le&#8211;Palestel\u00a0en Creuse. Aujourd\u2019hui, en m&rsquo;installant \u00e9galement sur la commune de Ch\u00e2teauroux je souhaite r\u00e9pondre \u00e0 un besoin du \u00e0\u00a0 une baisse de la d\u00e9mographie m\u00e9dicale et pouvoir proposer<\/p>\n","protected":false},"author":1,"featured_media":0,"parent":0,"menu_order":0,"comment_status":"closed","ping_status":"closed","template":"","meta":{"footnotes":""},"_links":{"self":[{"href":"https:\/\/anthony-weber.fr\/index.php?rest_route=\/wp\/v2\/pages\/98"}],"collection":[{"href":"https:\/\/anthony-weber.fr\/index.php?rest_route=\/wp\/v2\/pages"}],"about":[{"href":"https:\/\/anthony-weber.fr\/index.php?rest_route=\/wp\/v2\/types\/page"}],"author":[{"embeddable":true,"href":"https:\/\/anthony-weber.fr\/index.php?rest_route=\/wp\/v2\/users\/1"}],"replies":[{"embeddable":true,"href":"https:\/\/anthony-weber.fr\/index.php?rest_route=%2Fwp%2Fv2%2Fcomments&post=98"}],"version-history":[{"count":28,"href":"https:\/\/anthony-weber.fr\/index.php?rest_route=\/wp\/v2\/pages\/98\/revisions"}],"predecessor-version":[{"id":418,"href":"https:\/\/anthony-weber.fr\/index.php?rest_route=\/wp\/v2\/pages\/98\/revisions\/418"}],"wp:attachment":[{"href":"https:\/\/anthony-weber.fr\/index.php?rest_route=%2Fwp%2Fv2%2Fmedia&parent=98"}],"curies":[{"name":"wp","href":"https:\/\/api.w.org\/{rel}","templated":true}]}}